{"id":1475,"date":"2023-08-21T15:19:07","date_gmt":"2023-08-21T19:19:07","guid":{"rendered":"https:\/\/guide.expomangersante.com\/conditions-of-the-2024-agreement\/"},"modified":"2025-08-27T17:06:03","modified_gmt":"2025-08-27T21:06:03","slug":"conditions-of-the-agreement","status":"publish","type":"page","link":"https:\/\/guide.expomangersante.com\/en\/conditions-of-the-agreement\/","title":{"rendered":"Terms of the 2026 agreement"},"content":{"rendered":"\t\t<div data-elementor-type=\"wp-page\" data-elementor-id=\"1475\" class=\"elementor elementor-1475 elementor-1063\" data-elementor-post-type=\"page\">\n\t\t\t\t<div class=\"elementor-element elementor-element-7658fa6 e-flex e-con-boxed e-con e-parent\" data-id=\"7658fa6\" data-element_type=\"container\" data-e-type=\"container\">\n\t\t\t\t\t<div class=\"e-con-inner\">\n\t\t\t\t<div class=\"elementor-element elementor-element-70e5bda elementor-widget elementor-widget-text-editor\" data-id=\"70e5bda\" data-element_type=\"widget\" data-e-type=\"widget\" data-widget_type=\"text-editor.default\">\n\t\t\t\t<div class=\"elementor-widget-container\">\n\t\t\t\t\t\t\t\t\t<h2><b>EXPO MANGER SANT\u00c9 and VIVRE VERT 2026<\/b><b><br><\/b><b>CONDITIONS OF AGREEMENT<\/b><b> <\/b><\/h2><h4><b><i>RENTAL<\/i><\/b><\/h4><p><b>The exhibitor agrees<\/b> to offer only the products and services as described in its registration form.<\/p><p><b>Exhibitor agree<\/b> not to sublet his space or any part of his booth.<\/p><p>Remember that all exhibitors and products displayed in your booth must be officially registered with the Expo Manger Sant\u00e9 et Vivre Vert. <strong>Any other product or service presented (not mentioned in the registration form) must obtain prior written authorization from the management.<\/strong><\/p><p><b>Exhibitors offering tastings agree<\/b> to use only compostable materials and to obtain a valid temporary event sales permit from MAPAQ, if applicable. We will provide you with suppliers and permit forms (in the logistics section of the guide) once your participation has been confirmed.<\/p><p><b>The exhibitor agrees<\/b> to be ready for the opening on all days of the exhibition and to be present until closing time. He undertakes to begin dismantling his stand <strong>only after the Expo has officially closed<\/strong>. <b>He also undertakes to occupy only the space reserved for him within his site, and not to encroach on the aisles for the presentation of products or services.<\/b><\/p><p><b>The exhibitor agrees<\/b> to receive email communications from the organization for the follow-up of his file.<\/p><p><b>The exhibitor agrees to respect and apply the sanitary measures<\/b> that will be in effect during the event.<\/p><p>The organizers of the event reserve the right to move exhibitors according to the evolution of the concept.<\/p><p>The organizers (Expo Manger Sant\u00e9 inc.) <strong>reserve the right to refuse any exhibitor whose products and\/or services are not consistent with the Expo themes.<\/strong><\/p><p>By participating in Expo Manger Sant\u00e9 et Vivre Vert, you agree that <strong>you, your team and your booth may be photographed or filmed on site.<\/strong> You also agree that Expo Manger Sant\u00e9 et Vivre Vert may use these images and videos for educational and promotional purposes in television, print and digital media.<\/p><h4><b><i>INSURANCE<\/i><\/b><\/h4><p><b>The exhibitor shall be liable<\/b> for any personal injury or material damage to himself, his team, his space and booth, his products and visitors in front of or in his booth during the set-up, holding of the event and dismantling attributable to fire, theft, earthquakes or any other cause beyond the control of <b><i>Expo Manger Sant\u00e9 inc.<\/i> <\/b> <\/p><p>Neither the Palais des congr\u00e8s (Montr\u00e9al), nor the Centre des congr\u00e8s (Qu\u00e9bec), nor Expo Manger Sant\u00e9 inc. cannot be held responsible.<\/p><p><b>It is therefore your responsibility to obtain a general liability insurance policy for your presence at Expo in the amount of two million dollars ($2,000,000).<\/b><\/p><p><b>The exhibitor&#8217;s proof of insurance must be sent by email to info@expomangersante.com at least 15 days prior to the event. Should the exhibitor fail to provide such proof, he automatically agrees to waive all rights of recourse against<\/b> <b><i>Expo Manger Sant\u00e9 inc<\/i>.<\/b><b><i> <\/i><\/b><\/p><h4><b><i>CANCELLATION beyond our control<\/i><\/b><\/h4><p>If L&#8217;EXPO MANGER SANT\u00c9 et VIVRE VERT 2026 cannot take place or continue due to fire, strike, riot, pandemic, flood or any other cause beyond the control of<i>Expo Manger Sant\u00e9 inc, <\/i><b><i>Expo Manger Sant\u00e9 inc.<\/i><\/b> cannot be held responsible and will reimburse exhibitors for amounts invoiced less a handling fee of 15% or more, depending on the date of cancellation. At the exhibitor&#8217;s option, the amount to be reimbursed by Expo may be retained by the organizer for use at the next edition of Expo Manger Sant\u00e9 et Vivre Vert.<\/p><p>If the exhibitor has not paid the amounts required to cover the management costs incurred by the cancellation, the exhibitor will receive an invoice to this effect payable upon receipt.<\/p><h4><b><i>CANCELLATION POLICY BY THE EXHIBITOR<\/i><\/b><\/h4><p><strong>Less than 8 weeks before the event<\/strong><b>:<\/b> the administration of the EXPO MANGER SANT\u00c9 et VIVRE VERT 2026 retains 100% of the rental fees.<\/p><p><strong>Between 8 and 10 weeks before the event<\/strong><b>:<\/b> the administration of the EXPO MANGER SANT\u00c9 et VIVRE VERT 2026 retains 50% of the invoiced fees.<\/p><p><strong>More than 10 weeks before the event<\/strong><b>:<\/b> the administration of the EXPO MANGER SANT\u00c9 et VIVRE VERT 2026 retains 15% of the invoiced fees.<\/p><h4><b><i>ONLINE REGISTRATION PROCEDURE 2026<\/i><\/b><\/h4><p><b>No payment or bank details are required at this stage of your application.<\/b><\/p><ol><li aria-level=\"1\">Once your account has been created and your form has been completed and submitted (see link below), you will receive a copy of your answers by e-mail. We will process your application and availability and contact you by email if your application is confirmed. There could be a delay in response, given the number of requests to be processed. Contact us if you have any questions.<\/li><li aria-level=\"1\"><b>Invoice and payment<\/b>: Once your registration has been confirmed, you will receive your invoice by email. <b>Your first payment<\/b> must reach us within 10 business days after receiving your invoice. After this period, we reserve the right to release the reservation.<\/li><li aria-level=\"1\"><b>Assignment of your booth number. <\/b>Given the current situation and in order to optimize outreach for all, there may be some delay in confirming the exact location of your booth even after the invoice has been sent.<\/li><\/ol><p>Thank you for your understanding and we look forward to contributing to your success<\/p><p>Sincerely,<\/p><p><b>Jacques Landry<br><\/b>Coordinator<br>EXPO MANGER SANT\u00c9 et VIVRE VERT 2026<br><a href=\"mailto:info@expomangersante.com\">info@expomangersante.com<\/a><br>Telephone: 514-725-2283<\/p>\t\t\t\t\t\t\t\t<\/div>\n\t\t\t\t<\/div>\n\t\t\t\t<div class=\"elementor-element elementor-element-6981ef8 elementor-widget elementor-widget-button\" data-id=\"6981ef8\" data-element_type=\"widget\" data-e-type=\"widget\" data-widget_type=\"button.default\">\n\t\t\t\t<div class=\"elementor-widget-container\">\n\t\t\t\t\t\t\t\t\t<div class=\"elementor-button-wrapper\">\n\t\t\t\t\t<a class=\"elementor-button elementor-button-link elementor-size-md\" href=\"https:\/\/exposant.expomangersante.com\/register\">\n\t\t\t\t\t\t<span class=\"elementor-button-content-wrapper\">\n\t\t\t\t\t\t\t\t\t<span class=\"elementor-button-text\">I accept the terms of the agreement and continue my registration<\/span>\n\t\t\t\t\t<\/span>\n\t\t\t\t\t<\/a>\n\t\t\t\t<\/div>\n\t\t\t\t\t\t\t\t<\/div>\n\t\t\t\t<\/div>\n\t\t\t\t\t<\/div>\n\t\t\t\t<\/div>\n\t\t\t\t<\/div>\n\t\t","protected":false},"excerpt":{"rendered":"<p>EXPO MANGER SANT\u00c9 and VIVRE VERT 2026CONDITIONS OF AGREEMENT RENTAL The exhibitor agrees to offer only the products and services as described in its registration form. Exhibitor agree not to sublet his space or any part of his booth. Remember that all exhibitors and products displayed in your booth must be officially registered with the [&hellip;]<\/p>\n","protected":false},"author":2,"featured_media":0,"parent":0,"menu_order":0,"comment_status":"closed","ping_status":"closed","template":"","meta":{"footnotes":""},"class_list":["post-1475","page","type-page","status-publish","hentry"],"_links":{"self":[{"href":"https:\/\/guide.expomangersante.com\/en\/wp-json\/wp\/v2\/pages\/1475","targetHints":{"allow":["GET"]}}],"collection":[{"href":"https:\/\/guide.expomangersante.com\/en\/wp-json\/wp\/v2\/pages"}],"about":[{"href":"https:\/\/guide.expomangersante.com\/en\/wp-json\/wp\/v2\/types\/page"}],"author":[{"embeddable":true,"href":"https:\/\/guide.expomangersante.com\/en\/wp-json\/wp\/v2\/users\/2"}],"replies":[{"embeddable":true,"href":"https:\/\/guide.expomangersante.com\/en\/wp-json\/wp\/v2\/comments?post=1475"}],"version-history":[{"count":10,"href":"https:\/\/guide.expomangersante.com\/en\/wp-json\/wp\/v2\/pages\/1475\/revisions"}],"predecessor-version":[{"id":4832,"href":"https:\/\/guide.expomangersante.com\/en\/wp-json\/wp\/v2\/pages\/1475\/revisions\/4832"}],"wp:attachment":[{"href":"https:\/\/guide.expomangersante.com\/en\/wp-json\/wp\/v2\/media?parent=1475"}],"curies":[{"name":"wp","href":"https:\/\/api.w.org\/{rel}","templated":true}]}}